{"id":3361,"date":"2022-06-06T14:57:58","date_gmt":"2022-06-06T17:57:58","guid":{"rendered":"https:\/\/agencialoar.com.br\/attomanagement\/?page_id=3361"},"modified":"2023-03-29T15:51:59","modified_gmt":"2023-03-29T18:51:59","slug":"be-a-model","status":"publish","type":"page","link":"https:\/\/agencialoar.com.br\/attomanagement\/index.php\/be-a-model\/","title":{"rendered":"Be a Model"},"content":{"rendered":"<div  class=\"tatsu-HJ--unYPl2 tatsu-section  tatsu-bg-overlay   tatsu-clearfix\" data-title=\"\"  data-headerscheme=\"background--dark\"><div class='tatsu-section-pad clearfix' data-padding='{\"d\":\"90px 0px 0px 0px\",\"m\":\"90px 0px 0px 0px\"}' data-padding-top='90px'><div class=\"tatsu-row-wrap  tatsu-wrap tatsu-row-one-col tatsu-row-has-one-cols tatsu-medium-gutter tatsu-reg-cols  tatsu-clearfix tatsu-HyxWOhFwen\" ><div  class=\"tatsu-row \" ><div  class=\"tatsu-column  tatsu-bg-overlay tatsu-one-col tatsu-column-image-none tatsu-column-effect-none  tatsu-rkW_nFPx2\"  data-parallax-speed=\"0\" style=\"\"><div class=\"tatsu-column-inner \" ><div class=\"tatsu-column-pad-wrap\"><div class=\"tatsu-column-pad\" ><div  class=\"special-heading-wrap style1 oshine-module  tatsu-hc8489ke594opefp  \" ><div class=\"special-heading align-center\"><h3 class=\"special-h-tag\" >Be a Model<\/h3><div class=\"sep-with-icon-wrap margin-bottom\"><span class=\"sep-with-icon\" ><\/span><i class=\"sep-icon font-icon oshine_diamond\"><\/i><span class=\"sep-with-icon\" ><\/span><\/div><div class=\"sub-title margin-bottom  special-subtitle\">\n<p style=\"text-align: center;\">Envie suas informa\u00e7\u00f5es e fotos para ser avaliado por nossa equipe.<\/p>\n<p style=\"text-align: center;\">\u00a0<\/p>\n<\/div><\/div><style>.tatsu-hc8489ke594opefp .sep-icon.oshine_diamond{background: #2293D7;}.tatsu-hc8489ke594opefp .sep-with-icon{height: 3px;width: 50px;background: #efefef;}.tatsu-hc8489ke594opefp{margin: 0px 0px 0px 0px;}<\/style><\/div><\/div><\/div><div class = \"tatsu-column-bg-image-wrap\"><div class = \"tatsu-column-bg-image\" ><\/div><\/div><div class=\"tatsu-overlay tatsu-column-overlay tatsu-animate-none\" ><\/div><\/div><style>.tatsu-row > .tatsu-rkW_nFPx2.tatsu-column{width: 100%;}.tatsu-rkW_nFPx2.tatsu-column > .tatsu-column-inner > .tatsu-column-overlay{mix-blend-mode: normal;}.tatsu-rkW_nFPx2 > .tatsu-column-inner > .tatsu-top-divider{z-index: 9999;}.tatsu-rkW_nFPx2 > .tatsu-column-inner > .tatsu-bottom-divider{z-index: 9999;}.tatsu-rkW_nFPx2 > .tatsu-column-inner > .tatsu-left-divider{z-index: 9999;}.tatsu-rkW_nFPx2 > .tatsu-column-inner > .tatsu-right-divider{z-index: 9999;}@media only screen and (max-width:1377px) {.tatsu-row > .tatsu-rkW_nFPx2.tatsu-column{width: 100%;}}@media only screen and (min-width:768px) and (max-width: 1024px) {.tatsu-row > .tatsu-rkW_nFPx2.tatsu-column{width: 100%;}}@media only screen and (max-width: 767px) {.tatsu-row > .tatsu-rkW_nFPx2.tatsu-column{width: 100%;}}<\/style><\/div><\/div><\/div><\/div><div class=\"tatsu-section-background-wrap\"><div class = \"tatsu-section-background\" ><\/div><\/div><div class=\"tatsu-overlay tatsu-section-overlay\"><\/div><style>.tatsu-HJ--unYPl2.tatsu-section{background-color: rgba(255,255,255,1);}.tatsu-HJ--unYPl2 .tatsu-section-pad{padding: 90px 0px 0px 0px;}.tatsu-HJ--unYPl2 .tatsu-section-offset-wrap{transform: translateY(-0px);}.tatsu-HJ--unYPl2 > .tatsu-bottom-divider{z-index: 9999;}.tatsu-HJ--unYPl2 > .tatsu-top-divider{z-index: 9999;}.tatsu-HJ--unYPl2 .tatsu-section-overlay{mix-blend-mode: normal;}@media only screen and (max-width: 767px) {.tatsu-HJ--unYPl2 .tatsu-section-pad{padding: 90px 0px 0px 0px;}}<\/style><\/div><div  class=\"tatsu-BJ-hgvcPeh tatsu-section  tatsu-bg-overlay   tatsu-clearfix\" data-title=\"\"  data-headerscheme=\"background--dark\"><div class='tatsu-section-pad clearfix' data-padding='{\"d\":\"0px 0px 90px 0px\"}' data-padding-top='0px'><div class=\"tatsu-row-wrap  tatsu-wrap tatsu-row-one-col tatsu-row-has-one-cols tatsu-medium-gutter tatsu-reg-cols  tatsu-clearfix tatsu-Syl3lP5wl2\" ><div  class=\"tatsu-row \" ><div  class=\"tatsu-column  tatsu-bg-overlay tatsu-one-col tatsu-column-image-none tatsu-column-effect-none  tatsu-rJ2lD9wx2\"  data-parallax-speed=\"0\" style=\"\"><div class=\"tatsu-column-inner \" ><div class=\"tatsu-column-pad-wrap\"><div class=\"tatsu-column-pad\" ><div  class=\"tatsu-module tatsu-text-block-wrap tatsu-BJb-v9Pxn  \"><div class=\"tatsu-text-inner tatsu-align-center  clearfix\" ><style>.tatsu-BJb-v9Pxn.tatsu-text-block-wrap .tatsu-text-inner{width: 35%;text-align: left;}@media only screen and (max-width: 767px) {.tatsu-BJb-v9Pxn.tatsu-text-block-wrap .tatsu-text-inner{width: 90%;}}<\/style>\n<p style=\"text-align: center;\"><span style=\"font-size: 14pt;\"><strong>Mulheres devem ter entre as idades de 14-24 anos<\/strong><\/span><br \/><span style=\"font-size: 14pt;\"><strong>com uma altura m\u00ednima de 1,70 e os homens entre as idades de 14-24 anos com uma altura m\u00ednima de 1,80.<\/strong><\/span><\/p>\n<p style=\"text-align: center;\"><span style=\"font-size: 14pt;\">Voc\u00ea deve enviar uma fotografia do rosto olhando<\/span><br \/><span style=\"font-size: 14pt;\">diretamente para camera, corpo inteiro, meio corpo (com cabelo atr\u00e1s da orelha) e um close frontal com sorriso.<\/span><\/p>\n<p style=\"text-align: center;\"><span style=\"font-size: 14pt;\">As imagens devem seguir algumas diretrizes para serem avaliadas, sendo elas: Sem pose; fique em p\u00e9 com os ombors para baixa e relaxados; use uma parede branca lisa como fundo; manter os cabelos limpos, narurais e afastados do rosto; sem maquiagem, sem \u00f3culos ou chap\u00e9us; use um mai\u00f4\/sunga.<\/span><\/p>\n<p style=\"text-align: center;\"><span style=\"font-size: 14pt;\">Podemos n\u00e3o ser capazes de responder a cada e-mail, entanto, as pessoas selecionadas ser\u00e3o contactadas em at\u00e9 7 dias \u00fateis ap\u00f3s envio do material!<\/span><\/p>\n<\/div><\/div><\/div><\/div><div class = \"tatsu-column-bg-image-wrap\"><div class = \"tatsu-column-bg-image\" ><\/div><\/div><div class=\"tatsu-overlay tatsu-column-overlay tatsu-animate-none\" ><\/div><\/div><style>.tatsu-row > .tatsu-rJ2lD9wx2.tatsu-column{width: 100%;}.tatsu-rJ2lD9wx2.tatsu-column > .tatsu-column-inner > .tatsu-column-overlay{mix-blend-mode: normal;}.tatsu-rJ2lD9wx2 > .tatsu-column-inner > .tatsu-top-divider{z-index: 9999;}.tatsu-rJ2lD9wx2 > .tatsu-column-inner > .tatsu-bottom-divider{z-index: 9999;}.tatsu-rJ2lD9wx2 > .tatsu-column-inner > .tatsu-left-divider{z-index: 9999;}.tatsu-rJ2lD9wx2 > .tatsu-column-inner > .tatsu-right-divider{z-index: 9999;}@media only screen and (max-width:1377px) {.tatsu-row > .tatsu-rJ2lD9wx2.tatsu-column{width: 100%;}}@media only screen and (min-width:768px) and (max-width: 1024px) {.tatsu-row > .tatsu-rJ2lD9wx2.tatsu-column{width: 100%;}}@media only screen and (max-width: 767px) {.tatsu-row > .tatsu-rJ2lD9wx2.tatsu-column{width: 100%;}}<\/style><\/div><\/div><\/div><\/div><div class=\"tatsu-section-background-wrap\"><div class = \"tatsu-section-background\" ><\/div><\/div><div class=\"tatsu-overlay tatsu-section-overlay\"><\/div><style>.tatsu-BJ-hgvcPeh.tatsu-section{background-color: rgba(255,255,255,1);}.tatsu-BJ-hgvcPeh .tatsu-section-pad{padding: 0px 0px 90px 0px;}.tatsu-BJ-hgvcPeh .tatsu-section-offset-wrap{transform: translateY(-0px);}.tatsu-BJ-hgvcPeh > .tatsu-bottom-divider{z-index: 9999;}.tatsu-BJ-hgvcPeh > .tatsu-top-divider{z-index: 9999;}.tatsu-BJ-hgvcPeh .tatsu-section-overlay{mix-blend-mode: normal;}<\/style><\/div><div  class=\"tatsu-fqp29qjuzg1in2l8 tatsu-section    tatsu-clearfix\" data-title=\"\"  data-headerscheme=\"background--dark\"><div class='tatsu-section-pad clearfix' data-padding='{\"d\":\"59px 0% 60px 0%\"}' data-padding-top='59px'><div class=\"tatsu-row-wrap  tatsu-wrap tatsu-row-one-col tatsu-row-has-one-cols tatsu-medium-gutter tatsu-reg-cols  tatsu-clearfix tatsu-fqp29qjv054mum9t\" ><div  class=\"tatsu-row \" ><div  class=\"tatsu-column  tatsu-column-no-bg tatsu-one-col tatsu-column-image-none tatsu-column-effect-none  tatsu-fqp29qjv0gcyhivn\"  data-parallax-speed=\"0\" style=\"\"><div class=\"tatsu-column-inner \" ><div class=\"tatsu-column-pad-wrap\"><div class=\"tatsu-column-pad\" ><div  class=\"tatsu-shortcode-module tatsu-module tatsu-HyGTE4Hks   \"  ><div role=\"form\" class=\"wpcf7\" id=\"wpcf7-f3501-o1\" lang=\"pt-BR\" dir=\"ltr\">\n<div class=\"screen-reader-response\"><p role=\"status\" aria-live=\"polite\" aria-atomic=\"true\"><\/p> <ul><\/ul><\/div>\n<form action=\"\/attomanagement\/index.php\/wp-json\/wp\/v2\/pages\/3361#wpcf7-f3501-o1\" method=\"post\" class=\"wpcf7-form init\" enctype=\"multipart\/form-data\" novalidate=\"novalidate\" data-status=\"init\">\n<div style=\"display: none;\">\n<input type=\"hidden\" name=\"_wpcf7\" value=\"3501\" \/>\n<input type=\"hidden\" name=\"_wpcf7_version\" value=\"5.6.2\" \/>\n<input type=\"hidden\" name=\"_wpcf7_locale\" value=\"pt_BR\" \/>\n<input type=\"hidden\" name=\"_wpcf7_unit_tag\" value=\"wpcf7-f3501-o1\" \/>\n<input type=\"hidden\" name=\"_wpcf7_container_post\" value=\"0\" \/>\n<input type=\"hidden\" name=\"_wpcf7_posted_data_hash\" value=\"\" \/>\n<\/div>\n<p><span class=\"wpcf7-form-control-wrap\" data-name=\"your-name\"><input type=\"text\" name=\"your-name\" value=\"\" size=\"40\" class=\"wpcf7-form-control wpcf7-text wpcf7-validates-as-required\" aria-required=\"true\" aria-invalid=\"false\" placeholder=\"Nome\" \/><\/span><br \/>\n<span class=\"wpcf7-form-control-wrap\" data-name=\"your-email\"><input type=\"email\" name=\"your-email\" value=\"\" size=\"40\" class=\"wpcf7-form-control wpcf7-text wpcf7-email wpcf7-validates-as-required wpcf7-validates-as-email\" aria-required=\"true\" aria-invalid=\"false\" placeholder=\"E-mail\" \/><\/span><br \/>\n<span class=\"wpcf7-form-control-wrap\" data-name=\"informacoes\"><textarea name=\"informacoes\" cols=\"40\" rows=\"10\" class=\"wpcf7-form-control wpcf7-textarea\" aria-invalid=\"false\" placeholder=\"Descreve sua altura, peso, medidas, cor de cabelo, cor dos olhos...\"><\/textarea><\/span><\/p>\n<div class=\"row\">\n<div class=\"col-md-3\">CLOSE SELFIE <span class=\"wpcf7-form-control-wrap\" data-name=\"close-selfie\"><input type=\"file\" name=\"close-selfie\" size=\"40\" class=\"wpcf7-form-control wpcf7-file\" accept=\".jpg,.png,.jpeg\" aria-invalid=\"false\" \/><\/span><\/div>\n<div class=\"col-md-3\">CORPO INTEIRO FRENTE <span class=\"wpcf7-form-control-wrap\" data-name=\"inteiro-frente\"><input type=\"file\" name=\"inteiro-frente\" size=\"40\" class=\"wpcf7-form-control wpcf7-file\" accept=\".jpg,.png,.jpeg\" aria-invalid=\"false\" \/><\/span><\/div>\n<div class=\"col-md-3\">MEIO CORPO <span class=\"wpcf7-form-control-wrap\" data-name=\"meio-corpo\"><input type=\"file\" name=\"meio-corpo\" size=\"40\" class=\"wpcf7-form-control wpcf7-file\" accept=\".jpg,.png,.jpeg\" aria-invalid=\"false\" \/><\/span><\/div>\n<div class=\"col-md-3\">CLOSE FRONTAL SORRISO <span class=\"wpcf7-form-control-wrap\" data-name=\"close-frontal\"><input type=\"file\" name=\"close-frontal\" size=\"40\" class=\"wpcf7-form-control wpcf7-file\" accept=\".jpg,.png,.jpeg\" aria-invalid=\"false\" \/><\/span><\/div>\n<\/div>\n<p><br><\/p>\n<div class=\"row\">\n<input type=\"submit\" value=\"Enviar Fotos\" class=\"wpcf7-form-control has-spinner wpcf7-submit\" \/>\n<\/div>\n<div class=\"wpcf7-response-output\" aria-hidden=\"true\"><\/div><\/form><\/div><br \/>\n<\/div><\/div><\/div><div class = \"tatsu-column-bg-image-wrap\"><div class = \"tatsu-column-bg-image\" ><\/div><\/div><\/div><style>.tatsu-row > .tatsu-fqp29qjv0gcyhivn.tatsu-column{width: 100%;}.tatsu-fqp29qjv0gcyhivn.tatsu-column > .tatsu-column-inner > .tatsu-column-overlay{mix-blend-mode: none;}.tatsu-fqp29qjv0gcyhivn > .tatsu-column-inner > .tatsu-top-divider{z-index: 9999;}.tatsu-fqp29qjv0gcyhivn > .tatsu-column-inner > .tatsu-bottom-divider{z-index: 9999;}.tatsu-fqp29qjv0gcyhivn > .tatsu-column-inner > .tatsu-left-divider{z-index: 9999;}.tatsu-fqp29qjv0gcyhivn > .tatsu-column-inner > .tatsu-right-divider{z-index: 9999;}<\/style><\/div><\/div><\/div><\/div><div class=\"tatsu-section-background-wrap\"><div class = \"tatsu-section-background\" ><\/div><\/div><style>.tatsu-fqp29qjuzg1in2l8.tatsu-section{background-color: rgba(255,255,255,1);}.tatsu-fqp29qjuzg1in2l8{border-width: 0px 0px px 0px;border-style: solid;}.tatsu-fqp29qjuzg1in2l8 .tatsu-section-pad{padding: 59px 0% 60px 0%;}.tatsu-fqp29qjuzg1in2l8 > .tatsu-bottom-divider{z-index: 9999;}.tatsu-fqp29qjuzg1in2l8 > .tatsu-top-divider{z-index: 9999;}<\/style><\/div>\n","protected":false},"excerpt":{"rendered":"<p><a href=\"https:\/\/agencialoar.com.br\/attomanagement\/index.php\/be-a-model\/\" class=\"more-link style3-button\">Read More<\/a><\/p>","protected":false},"author":1,"featured_media":0,"parent":0,"menu_order":0,"comment_status":"open","ping_status":"closed","template":"","meta":{"om_disable_all_campaigns":false,"_monsterinsights_skip_tracking":false,"_monsterinsights_sitenote_active":false,"_monsterinsights_sitenote_note":"","_monsterinsights_sitenote_category":0},"_links":{"self":[{"href":"https:\/\/agencialoar.com.br\/attomanagement\/index.php\/wp-json\/wp\/v2\/pages\/3361"}],"collection":[{"href":"https:\/\/agencialoar.com.br\/attomanagement\/index.php\/wp-json\/wp\/v2\/pages"}],"about":[{"href":"https:\/\/agencialoar.com.br\/attomanagement\/index.php\/wp-json\/wp\/v2\/types\/page"}],"author":[{"embeddable":true,"href":"https:\/\/agencialoar.com.br\/attomanagement\/index.php\/wp-json\/wp\/v2\/users\/1"}],"replies":[{"embeddable":true,"href":"https:\/\/agencialoar.com.br\/attomanagement\/index.php\/wp-json\/wp\/v2\/comments?post=3361"}],"version-history":[{"count":17,"href":"https:\/\/agencialoar.com.br\/attomanagement\/index.php\/wp-json\/wp\/v2\/pages\/3361\/revisions"}],"predecessor-version":[{"id":4139,"href":"https:\/\/agencialoar.com.br\/attomanagement\/index.php\/wp-json\/wp\/v2\/pages\/3361\/revisions\/4139"}],"wp:attachment":[{"href":"https:\/\/agencialoar.com.br\/attomanagement\/index.php\/wp-json\/wp\/v2\/media?parent=3361"}],"curies":[{"name":"wp","href":"https:\/\/api.w.org\/{rel}","templated":true}]}}